{"id":928,"date":"2026-03-31T00:00:14","date_gmt":"2026-03-31T00:00:14","guid":{"rendered":"https:\/\/jabier.net\/our-story-2\/"},"modified":"2026-04-07T01:50:43","modified_gmt":"2026-04-07T01:50:43","slug":"our-story-2","status":"publish","type":"page","link":"https:\/\/jabier.net\/es\/our-story-2\/","title":{"rendered":"Nuestra historia"},"content":{"rendered":"<div data-elementor-type=\"wp-page\" data-elementor-id=\"928\" class=\"elementor elementor-928\">\n\t\t\t\t<div class=\"elementor-element elementor-element-47a8853c e-con-full e-flex e-con e-parent\" data-id=\"47a8853c\" data-element_type=\"container\" data-e-type=\"container\">\n\t\t<div class=\"elementor-element elementor-element-17565af1 e-con-full e-flex e-con e-child\" data-id=\"17565af1\" data-element_type=\"container\" data-e-type=\"container\" data-settings=\"{&quot;background_background&quot;:&quot;classic&quot;}\">\n\t\t\t\t<\/div>\n\t\t<div class=\"elementor-element elementor-element-8734fb e-con-full e-flex e-con e-child\" data-id=\"8734fb\" data-element_type=\"container\" data-e-type=\"container\">\n\t\t\t\t<div class=\"elementor-element elementor-element-12836e92 elementor-widget elementor-widget-heading\" data-id=\"12836e92\" data-element_type=\"widget\" data-e-type=\"widget\" data-widget_type=\"heading.default\">\n\t\t\t\t\t<h6 class=\"elementor-heading-title elementor-size-default\"><span style=\"letter-spacing: normal;text-transform: none\">Internet es la&nbsp;<\/span><span data-path-to-node=\"18,0\" data-index-in-node=\"82\" style=\"font-weight: 700;letter-spacing: normal;text-transform: none\">autopista por donde circulas millones de personas<\/span><\/h6>\t\t\t\t<\/div>\n\t\t\t\t<div class=\"elementor-element elementor-element-3fd0410 elementor-widget elementor-widget-heading\" data-id=\"3fd0410\" data-element_type=\"widget\" data-e-type=\"widget\" data-widget_type=\"heading.default\">\n\t\t\t\t\t<h1 class=\"elementor-heading-title elementor-size-default\">Quienes Somos<\/h1>\t\t\t\t<\/div>\n\t\t\t\t<div class=\"elementor-element elementor-element-662ba29b elementor-invisible elementor-widget elementor-widget-text-editor\" data-id=\"662ba29b\" data-element_type=\"widget\" data-e-type=\"widget\" data-settings=\"{&quot;_animation&quot;:&quot;fadeIn&quot;,&quot;_animation_delay&quot;:400}\" data-widget_type=\"text-editor.default\">\n\t\t\t\t\t\t\t\t\t<p>En nuestra agencia, entendemos el internet desde adentro. No solo sabemos c\u00f3mo funciona, sino que comprendemos la psicolog\u00eda detr\u00e1s de cada conexi\u00f3n entre compradores y vendedores.<\/p>\t\t\t\t\t\t\t\t<\/div>\n\t\t\t\t<\/div>\n\t\t\t\t<\/div>\n\t\t<div class=\"elementor-element elementor-element-243b162b e-con-full e-flex e-con e-parent\" data-id=\"243b162b\" data-element_type=\"container\" data-e-type=\"container\">\n\t\t<div class=\"elementor-element elementor-element-46fd6c19 e-con-full e-flex e-con e-child\" data-id=\"46fd6c19\" data-element_type=\"container\" data-e-type=\"container\">\n\t\t\t\t<div class=\"elementor-element elementor-element-642346c5 elementor-widget elementor-widget-heading\" data-id=\"642346c5\" data-element_type=\"widget\" data-e-type=\"widget\" data-widget_type=\"heading.default\">\n\t\t\t\t\t<h2 class=\"elementor-heading-title elementor-size-default\">Nuestra misi\u00f3n es simple:<\/h2>\t\t\t\t<\/div>\n\t\t\t\t<div class=\"elementor-element elementor-element-14575f6a elementor-widget__width-initial elementor-widget-mobile__width-inherit elementor-widget elementor-widget-text-editor\" data-id=\"14575f6a\" data-element_type=\"widget\" data-e-type=\"widget\" data-widget_type=\"text-editor.default\">\n\t\t\t\t\t\t\t\t\t<p><b data-path-to-node=\"5\" data-index-in-node=\"207\">Transformar tu presencia digital en una m\u00e1quina de generaci\u00f3n de LEAD (prospectos)<\/b><\/p><p>Dise\u00f1amos sitios web modernos e interactivos, gestionamos redes sociales con contenido gr\u00e1fico de alto impacto y ejecutamos campa\u00f1as estrat\u00e9gicas en Google, Facebook e Instagram. Nuestro enfoque no es solo atraer tr\u00e1fico, sino <b data-path-to-node=\"6\" data-index-in-node=\"227\">precalificar prospectos<\/b> para asegurar que cada lead tenga un alto potencial de conversi\u00f3n.<\/p><p>\u00a0<\/p>\t\t\t\t\t\t\t\t<\/div>\n\t\t\t\t<\/div>\n\t\t<div class=\"elementor-element elementor-element-e1c9ce9 e-con-full e-flex e-con e-child\" data-id=\"e1c9ce9\" data-element_type=\"container\" data-e-type=\"container\" data-settings=\"{&quot;background_background&quot;:&quot;classic&quot;}\">\n\t\t\t\t<div class=\"elementor-element elementor-element-1105a178 elementor-widget elementor-widget-image\" data-id=\"1105a178\" data-element_type=\"widget\" data-e-type=\"widget\" data-widget_type=\"image.default\">\n\t\t\t\t\t\t\t\t\t\t\t\t\t\t\t<img fetchpriority=\"high\" decoding=\"async\" width=\"1742\" height=\"980\" src=\"https:\/\/jabier.net\/wp-content\/uploads\/2026\/04\/jabier-sunflower.jpg\" class=\"attachment-full size-full wp-image-1464\" alt=\"\" srcset=\"https:\/\/jabier.net\/wp-content\/uploads\/2026\/04\/jabier-sunflower.jpg 1742w, https:\/\/jabier.net\/wp-content\/uploads\/2026\/04\/jabier-sunflower-300x169.jpg 300w, https:\/\/jabier.net\/wp-content\/uploads\/2026\/04\/jabier-sunflower-1024x576.jpg 1024w, https:\/\/jabier.net\/wp-content\/uploads\/2026\/04\/jabier-sunflower-768x432.jpg 768w, https:\/\/jabier.net\/wp-content\/uploads\/2026\/04\/jabier-sunflower-1536x864.jpg 1536w, https:\/\/jabier.net\/wp-content\/uploads\/2026\/04\/jabier-sunflower-18x10.jpg 18w\" sizes=\"(max-width: 1742px) 100vw, 1742px\" \/>\t\t\t\t\t\t\t\t\t\t\t\t\t\t\t<\/div>\n\t\t\t\t<div class=\"elementor-element elementor-element-56eb71d6 elementor-widget elementor-widget-image\" data-id=\"56eb71d6\" data-element_type=\"widget\" data-e-type=\"widget\" data-widget_type=\"image.default\">\n\t\t\t\t\t\t\t\t\t\t\t\t\t\t\t<img decoding=\"async\" width=\"1742\" height=\"980\" src=\"https:\/\/jabier.net\/wp-content\/uploads\/2026\/04\/jabier-room.jpg\" class=\"attachment-full size-full wp-image-1471\" alt=\"\" srcset=\"https:\/\/jabier.net\/wp-content\/uploads\/2026\/04\/jabier-room.jpg 1742w, https:\/\/jabier.net\/wp-content\/uploads\/2026\/04\/jabier-room-300x169.jpg 300w, https:\/\/jabier.net\/wp-content\/uploads\/2026\/04\/jabier-room-1024x576.jpg 1024w, https:\/\/jabier.net\/wp-content\/uploads\/2026\/04\/jabier-room-768x432.jpg 768w, https:\/\/jabier.net\/wp-content\/uploads\/2026\/04\/jabier-room-1536x864.jpg 1536w, https:\/\/jabier.net\/wp-content\/uploads\/2026\/04\/jabier-room-18x10.jpg 18w\" sizes=\"(max-width: 1742px) 100vw, 1742px\" \/>\t\t\t\t\t\t\t\t\t\t\t\t\t\t\t<\/div>\n\t\t\t\t<\/div>\n\t\t\t\t<\/div>\n\t\t<div class=\"elementor-element elementor-element-454aa4f5 e-flex e-con-boxed e-con e-parent\" data-id=\"454aa4f5\" data-element_type=\"container\" data-e-type=\"container\">\n\t\t\t\t\t<div class=\"e-con-inner\">\n\t\t\t\t<div class=\"elementor-element elementor-element-609f773c elementor-widget elementor-widget-heading\" data-id=\"609f773c\" data-element_type=\"widget\" data-e-type=\"widget\" data-widget_type=\"heading.default\">\n\t\t\t\t\t<h2 class=\"elementor-heading-title elementor-size-default\"><b data-path-to-node=\"7\" data-index-in-node=\"0\">Tu \u00e9xito es nuestro negocio<\/b><\/h2>\t\t\t\t<\/div>\n\t\t<div class=\"elementor-element elementor-element-4b6b586 e-con-full e-flex e-con e-child\" data-id=\"4b6b586\" data-element_type=\"container\" data-e-type=\"container\">\n\t\t<div class=\"elementor-element elementor-element-6aa6c5dc e-con-full e-flex e-con e-child\" data-id=\"6aa6c5dc\" data-element_type=\"container\" data-e-type=\"container\" data-settings=\"{&quot;background_background&quot;:&quot;classic&quot;}\">\n\t\t\t\t<div class=\"elementor-element elementor-element-38eb14e8 elementor-widget elementor-widget-heading\" data-id=\"38eb14e8\" data-element_type=\"widget\" data-e-type=\"widget\" data-widget_type=\"heading.default\">\n\t\t\t\t\t<h4 class=\"elementor-heading-title elementor-size-default\">comisi\u00f3n por resultados<\/h4>\t\t\t\t<\/div>\n\t\t\t\t<div class=\"elementor-element elementor-element-7ea228fa elementor-widget-divider--view-line elementor-widget elementor-widget-divider\" data-id=\"7ea228fa\" data-element_type=\"widget\" data-e-type=\"widget\" data-widget_type=\"divider.default\">\n\t\t\t\t\t\t\t<div class=\"elementor-divider\">\n\t\t\t<span class=\"elementor-divider-separator\">\n\t\t\t\t\t\t<\/span>\n\t\t<\/div>\n\t\t\t\t\t\t<\/div>\n\t\t\t\t<\/div>\n\t\t<div class=\"elementor-element elementor-element-689f8e89 e-con-full e-flex e-con e-child\" data-id=\"689f8e89\" data-element_type=\"container\" data-e-type=\"container\" data-settings=\"{&quot;background_background&quot;:&quot;classic&quot;}\">\n\t\t\t\t<div class=\"elementor-element elementor-element-d509a35 elementor-widget elementor-widget-heading\" data-id=\"d509a35\" data-element_type=\"widget\" data-e-type=\"widget\" data-widget_type=\"heading.default\">\n\t\t\t\t\t<h4 class=\"elementor-heading-title elementor-size-default\">Infraestructura Digital<\/h4>\t\t\t\t<\/div>\n\t\t\t\t<div class=\"elementor-element elementor-element-43edb4eb elementor-widget-divider--view-line elementor-widget elementor-widget-divider\" data-id=\"43edb4eb\" data-element_type=\"widget\" data-e-type=\"widget\" data-widget_type=\"divider.default\">\n\t\t\t\t\t\t\t<div class=\"elementor-divider\">\n\t\t\t<span class=\"elementor-divider-separator\">\n\t\t\t\t\t\t<\/span>\n\t\t<\/div>\n\t\t\t\t\t\t<\/div>\n\t\t\t\t<\/div>\n\t\t<div class=\"elementor-element elementor-element-1b7d7832 e-con-full e-flex e-con e-child\" data-id=\"1b7d7832\" data-element_type=\"container\" data-e-type=\"container\" data-settings=\"{&quot;background_background&quot;:&quot;classic&quot;}\">\n\t\t\t\t<div class=\"elementor-element elementor-element-57b42908 elementor-widget elementor-widget-heading\" data-id=\"57b42908\" data-element_type=\"widget\" data-e-type=\"widget\" data-widget_type=\"heading.default\">\n\t\t\t\t\t<h4 class=\"elementor-heading-title elementor-size-default\">Contenido que Vende<\/h4>\t\t\t\t<\/div>\n\t\t\t\t<div class=\"elementor-element elementor-element-68e1194b elementor-widget-divider--view-line elementor-widget elementor-widget-divider\" data-id=\"68e1194b\" data-element_type=\"widget\" data-e-type=\"widget\" data-widget_type=\"divider.default\">\n\t\t\t\t\t\t\t<div class=\"elementor-divider\">\n\t\t\t<span class=\"elementor-divider-separator\">\n\t\t\t\t\t\t<\/span>\n\t\t<\/div>\n\t\t\t\t\t\t<\/div>\n\t\t\t\t<\/div>\n\t\t<div class=\"elementor-element elementor-element-5fa27416 e-con-full e-flex e-con e-child\" data-id=\"5fa27416\" data-element_type=\"container\" data-e-type=\"container\" data-settings=\"{&quot;background_background&quot;:&quot;classic&quot;}\">\n\t\t\t\t<div class=\"elementor-element elementor-element-3a759ff elementor-widget elementor-widget-heading\" data-id=\"3a759ff\" data-element_type=\"widget\" data-e-type=\"widget\" data-widget_type=\"heading.default\">\n\t\t\t\t\t<h4 class=\"elementor-heading-title elementor-size-default\">Crecimiento Acelerado<\/h4>\t\t\t\t<\/div>\n\t\t\t\t<div class=\"elementor-element elementor-element-d83f3d9 elementor-widget-divider--view-line elementor-widget elementor-widget-divider\" data-id=\"d83f3d9\" data-element_type=\"widget\" data-e-type=\"widget\" data-widget_type=\"divider.default\">\n\t\t\t\t\t\t\t<div class=\"elementor-divider\">\n\t\t\t<span class=\"elementor-divider-separator\">\n\t\t\t\t\t\t<\/span>\n\t\t<\/div>\n\t\t\t\t\t\t<\/div>\n\t\t\t\t<\/div>\n\t\t\t\t<\/div>\n\t\t\t\t\t<\/div>\n\t\t\t\t<\/div>\n\t\t<div class=\"elementor-element elementor-element-70f32211 e-flex e-con-boxed e-con e-parent\" data-id=\"70f32211\" data-element_type=\"container\" data-e-type=\"container\">\n\t\t\t\t\t<div class=\"e-con-inner\">\n\t\t\t\t<div class=\"elementor-element elementor-element-6d62f0ec elementor-widget elementor-widget-heading\" data-id=\"6d62f0ec\" data-element_type=\"widget\" data-e-type=\"widget\" data-widget_type=\"heading.default\">\n\t\t\t\t\t<h2 class=\"elementor-heading-title elementor-size-default\">Testimonios de clientes<\/h2>\t\t\t\t<\/div>\n\t\t<div class=\"elementor-element elementor-element-31485621 e-con-full e-flex e-con e-child\" data-id=\"31485621\" data-element_type=\"container\" data-e-type=\"container\">\n\t\t\t\t<div class=\"elementor-element elementor-element-58f9e4e elementor-widget__width-initial elementor-widget-tablet__width-inherit elementor-widget elementor-widget-testimonial\" data-id=\"58f9e4e\" data-element_type=\"widget\" data-e-type=\"widget\" data-widget_type=\"testimonial.default\">\n\t\t\t\t\t\t\t<div class=\"elementor-testimonial-wrapper\">\n\t\t\t\t\t\t\t<div class=\"elementor-testimonial-content\">\u201cComenzamos en septiembre del 2024 y hemos generados muchos clientes nuevos, cada vez que necesito clientes, activamos campa\u00f1as y generamos LEAD.\u201d<\/div>\n\t\t\t\n\t\t\t\t\t\t<div class=\"elementor-testimonial-meta elementor-has-image elementor-testimonial-image-position-aside\">\n\t\t\t\t<div class=\"elementor-testimonial-meta-inner\">\n\t\t\t\t\t\t\t\t\t\t\t<div class=\"elementor-testimonial-image\">\n\t\t\t\t\t\t\t<img decoding=\"async\" width=\"500\" height=\"500\" src=\"https:\/\/jabier.net\/wp-content\/uploads\/2026\/04\/jabier-bgc-dba-Logo.webp\" class=\"attachment-full size-full wp-image-1445\" alt=\"\" srcset=\"https:\/\/jabier.net\/wp-content\/uploads\/2026\/04\/jabier-bgc-dba-Logo.webp 500w, https:\/\/jabier.net\/wp-content\/uploads\/2026\/04\/jabier-bgc-dba-Logo-300x300.webp 300w, https:\/\/jabier.net\/wp-content\/uploads\/2026\/04\/jabier-bgc-dba-Logo-150x150.webp 150w, https:\/\/jabier.net\/wp-content\/uploads\/2026\/04\/jabier-bgc-dba-Logo-12x12.webp 12w\" sizes=\"(max-width: 500px) 100vw, 500px\" \/>\t\t\t\t\t\t<\/div>\n\t\t\t\t\t\n\t\t\t\t\t\t\t\t\t\t<div class=\"elementor-testimonial-details\">\n\t\t\t\t\t\t\t\t\t\t\t\t\t\t<div class=\"elementor-testimonial-name\">Build Green Construction<\/div>\n\t\t\t\t\t\t\t\t\t\t\t\t\t\t\t\t\t\t\t<\/div>\n\t\t\t\t\t\t\t\t\t<\/div>\n\t\t\t<\/div>\n\t\t\t\t\t<\/div>\n\t\t\t\t\t\t<\/div>\n\t\t\t\t<div class=\"elementor-element elementor-element-5913ec92 elementor-widget__width-initial elementor-widget-tablet__width-inherit elementor-widget elementor-widget-testimonial\" data-id=\"5913ec92\" data-element_type=\"widget\" data-e-type=\"widget\" data-widget_type=\"testimonial.default\">\n\t\t\t\t\t\t\t<div class=\"elementor-testimonial-wrapper\">\n\t\t\t\t\t\t\t<div class=\"elementor-testimonial-content\">\u201cNunca pense en tener una presencia digital, me convencieron y valio la pena, siento que mi empresa es mas grande, por fin puedo mostrar mis trabajos\u201d<\/div>\n\t\t\t\n\t\t\t\t\t\t<div class=\"elementor-testimonial-meta elementor-has-image elementor-testimonial-image-position-aside\">\n\t\t\t\t<div class=\"elementor-testimonial-meta-inner\">\n\t\t\t\t\t\t\t\t\t\t\t<div class=\"elementor-testimonial-image\">\n\t\t\t\t\t\t\t<img loading=\"lazy\" decoding=\"async\" width=\"1024\" height=\"590\" src=\"https:\/\/jabier.net\/wp-content\/uploads\/2026\/04\/jabier-cropped-abc-welding-logo-1024x590-1.webp\" class=\"attachment-full size-full wp-image-1447\" alt=\"\" srcset=\"https:\/\/jabier.net\/wp-content\/uploads\/2026\/04\/jabier-cropped-abc-welding-logo-1024x590-1.webp 1024w, https:\/\/jabier.net\/wp-content\/uploads\/2026\/04\/jabier-cropped-abc-welding-logo-1024x590-1-300x173.webp 300w, https:\/\/jabier.net\/wp-content\/uploads\/2026\/04\/jabier-cropped-abc-welding-logo-1024x590-1-768x443.webp 768w, https:\/\/jabier.net\/wp-content\/uploads\/2026\/04\/jabier-cropped-abc-welding-logo-1024x590-1-18x10.webp 18w\" sizes=\"(max-width: 1024px) 100vw, 1024px\" \/>\t\t\t\t\t\t<\/div>\n\t\t\t\t\t\n\t\t\t\t\t\t\t\t\t\t<div class=\"elementor-testimonial-details\">\n\t\t\t\t\t\t\t\t\t\t\t\t\t\t<div class=\"elementor-testimonial-name\">abc-welding.com<\/div>\n\t\t\t\t\t\t\t\t\t\t\t\t\t\t\t\t\t\t\t<\/div>\n\t\t\t\t\t\t\t\t\t<\/div>\n\t\t\t<\/div>\n\t\t\t\t\t<\/div>\n\t\t\t\t\t\t<\/div>\n\t\t\t\t<div class=\"elementor-element elementor-element-7c5a6286 elementor-widget__width-initial elementor-widget-tablet__width-inherit elementor-widget elementor-widget-testimonial\" data-id=\"7c5a6286\" data-element_type=\"widget\" data-e-type=\"widget\" data-widget_type=\"testimonial.default\">\n\t\t\t\t\t\t\t<div class=\"elementor-testimonial-wrapper\">\n\t\t\t\t\t\t\t<div class=\"elementor-testimonial-content\">\u201cAntes vendia de vez en cuando ahora vendo todo el tiempo, es genial ya que puedes ir manejando tu crecimiento \u201d<\/div>\n\t\t\t\n\t\t\t\t\t\t<div class=\"elementor-testimonial-meta elementor-has-image elementor-testimonial-image-position-aside\">\n\t\t\t\t<div class=\"elementor-testimonial-meta-inner\">\n\t\t\t\t\t\t\t\t\t\t\t<div class=\"elementor-testimonial-image\">\n\t\t\t\t\t\t\t<img loading=\"lazy\" decoding=\"async\" width=\"1080\" height=\"1080\" src=\"https:\/\/jabier.net\/wp-content\/uploads\/2025\/08\/net-kitchen2.jpg\" class=\"attachment-full size-full wp-image-527\" alt=\"\" srcset=\"https:\/\/jabier.net\/wp-content\/uploads\/2025\/08\/net-kitchen2.jpg 1080w, https:\/\/jabier.net\/wp-content\/uploads\/2025\/08\/net-kitchen2-300x300.jpg 300w, https:\/\/jabier.net\/wp-content\/uploads\/2025\/08\/net-kitchen2-1024x1024.jpg 1024w, https:\/\/jabier.net\/wp-content\/uploads\/2025\/08\/net-kitchen2-150x150.jpg 150w, https:\/\/jabier.net\/wp-content\/uploads\/2025\/08\/net-kitchen2-768x768.jpg 768w\" sizes=\"(max-width: 1080px) 100vw, 1080px\" \/>\t\t\t\t\t\t<\/div>\n\t\t\t\t\t\n\t\t\t\t\t\t\t\t\t\t<div class=\"elementor-testimonial-details\">\n\t\t\t\t\t\t\t\t\t\t\t\t\t\t<div class=\"elementor-testimonial-name\">Kitchen Cabinet<\/div>\n\t\t\t\t\t\t\t\t\t\t\t\t\t\t\t\t\t\t\t<\/div>\n\t\t\t\t\t\t\t\t\t<\/div>\n\t\t\t<\/div>\n\t\t\t\t\t<\/div>\n\t\t\t\t\t\t<\/div>\n\t\t\t\t<\/div>\n\t\t\t\t\t<\/div>\n\t\t\t\t<\/div>\n\t\t<div class=\"elementor-element elementor-element-37cda134 e-con-full e-flex e-con e-parent\" data-id=\"37cda134\" data-element_type=\"container\" data-e-type=\"container\" data-settings=\"{&quot;background_background&quot;:&quot;classic&quot;}\">\n\t\t\t\t<div class=\"elementor-element elementor-element-5036cb9 elementor-widget__width-initial elementor-widget-tablet__width-inherit elementor-widget elementor-widget-call-to-action\" data-id=\"5036cb9\" data-element_type=\"widget\" data-e-type=\"widget\" data-widget_type=\"call-to-action.default\">\n\t\t\t\t<div class=\"elementor-widget-container\">\n\t\t\t\t\t \t\t\t\t<\/div>\n\t\t\t\t<\/div>\n\t\t\t\t<\/div>\n\t\t\t\t<\/div>","protected":false},"excerpt":{"rendered":"<p>Internet es la&nbsp;autopista por donde circulas millones de personas Quienes Somos En nuestra agencia, entendemos el internet desde adentro. No solo sabemos c\u00f3mo funciona, sino que comprendemos la psicolog\u00eda detr\u00e1s de cada conexi\u00f3n entre compradores y vendedores. Nuestra misi\u00f3n es simple: Transformar tu presencia digital en una m\u00e1quina de generaci\u00f3n de LEAD (prospectos) Dise\u00f1amos sitios [&hellip;]<\/p>\n","protected":false},"author":1,"featured_media":932,"parent":0,"menu_order":0,"comment_status":"closed","ping_status":"closed","template":"elementor_header_footer","meta":{"_uag_custom_page_level_css":"","site-sidebar-layout":"default","site-content-layout":"","ast-site-content-layout":"default","site-content-style":"default","site-sidebar-style":"default","ast-global-header-display":"","ast-banner-title-visibility":"","ast-main-header-display":"","ast-hfb-above-header-display":"","ast-hfb-below-header-display":"","ast-hfb-mobile-header-display":"","site-post-title":"","ast-breadcrumbs-content":"","ast-featured-img":"","footer-sml-layout":"","theme-transparent-header-meta":"","adv-header-id-meta":"","stick-header-meta":"","header-above-stick-meta":"","header-main-stick-meta":"","header-below-stick-meta":"","astra-migrate-meta-layouts":"set","ast-page-background-enabled":"default","ast-page-background-meta":{"desktop":{"background-color":"var(--ast-global-color-4)","background-image":"","background-repeat":"repeat","background-position":"center center","background-size":"auto","background-attachment":"scroll","background-type":"","background-media":"","overlay-type":"","overlay-color":"","overlay-opacity":"","overlay-gradient":""},"tablet":{"background-color":"","background-image":"","background-repeat":"repeat","background-position":"center center","background-size":"auto","background-attachment":"scroll","background-type":"","background-media":"","overlay-type":"","overlay-color":"","overlay-opacity":"","overlay-gradient":""},"mobile":{"background-color":"","background-image":"","background-repeat":"repeat","background-position":"center center","background-size":"auto","background-attachment":"scroll","background-type":"","background-media":"","overlay-type":"","overlay-color":"","overlay-opacity":"","overlay-gradient":""}},"ast-content-background-meta":{"desktop":{"background-color":"var(--ast-global-color-5)","background-image":"","background-repeat":"repeat","background-position":"center center","background-size":"auto","background-attachment":"scroll","background-type":"","background-media":"","overlay-type":"","overlay-color":"","overlay-opacity":"","overlay-gradient":""},"tablet":{"background-color":"var(--ast-global-color-5)","background-image":"","background-repeat":"repeat","background-position":"center center","background-size":"auto","background-attachment":"scroll","background-type":"","background-media":"","overlay-type":"","overlay-color":"","overlay-opacity":"","overlay-gradient":""},"mobile":{"background-color":"var(--ast-global-color-5)","background-image":"","background-repeat":"repeat","background-position":"center center","background-size":"auto","background-attachment":"scroll","background-type":"","background-media":"","overlay-type":"","overlay-color":"","overlay-opacity":"","overlay-gradient":""}},"footnotes":""},"class_list":["post-928","page","type-page","status-publish","has-post-thumbnail","hentry"],"aioseo_notices":[],"uagb_featured_image_src":{"full":["https:\/\/jabier.net\/wp-content\/uploads\/2026\/03\/Our-Story-400_380.jpg",400,380,false],"thumbnail":["https:\/\/jabier.net\/wp-content\/uploads\/2026\/03\/Our-Story-400_380-150x150.jpg",150,150,true],"medium":["https:\/\/jabier.net\/wp-content\/uploads\/2026\/03\/Our-Story-400_380-300x285.jpg",300,285,true],"medium_large":["https:\/\/jabier.net\/wp-content\/uploads\/2026\/03\/Our-Story-400_380.jpg",400,380,false],"large":["https:\/\/jabier.net\/wp-content\/uploads\/2026\/03\/Our-Story-400_380.jpg",400,380,false],"1536x1536":["https:\/\/jabier.net\/wp-content\/uploads\/2026\/03\/Our-Story-400_380.jpg",400,380,false],"2048x2048":["https:\/\/jabier.net\/wp-content\/uploads\/2026\/03\/Our-Story-400_380.jpg",400,380,false],"trp-custom-language-flag":["https:\/\/jabier.net\/wp-content\/uploads\/2026\/03\/Our-Story-400_380.jpg",13,12,false]},"uagb_author_info":{"display_name":"jabier.org@gmail.com","author_link":"https:\/\/jabier.net\/es\/author\/jabier-orggmail-com\/"},"uagb_comment_info":0,"uagb_excerpt":"Internet es la&nbsp;autopista por donde circulas millones de personas Quienes Somos En nuestra agencia, entendemos el internet desde adentro. No solo sabemos c\u00f3mo funciona, sino que comprendemos la psicolog\u00eda detr\u00e1s de cada conexi\u00f3n entre compradores y vendedores. Nuestra misi\u00f3n es simple: Transformar tu presencia digital en una m\u00e1quina de generaci\u00f3n de LEAD (prospectos) Dise\u00f1amos sitios&hellip;","_links":{"self":[{"href":"https:\/\/jabier.net\/es\/wp-json\/wp\/v2\/pages\/928","targetHints":{"allow":["GET"]}}],"collection":[{"href":"https:\/\/jabier.net\/es\/wp-json\/wp\/v2\/pages"}],"about":[{"href":"https:\/\/jabier.net\/es\/wp-json\/wp\/v2\/types\/page"}],"author":[{"embeddable":true,"href":"https:\/\/jabier.net\/es\/wp-json\/wp\/v2\/users\/1"}],"replies":[{"embeddable":true,"href":"https:\/\/jabier.net\/es\/wp-json\/wp\/v2\/comments?post=928"}],"version-history":[{"count":59,"href":"https:\/\/jabier.net\/es\/wp-json\/wp\/v2\/pages\/928\/revisions"}],"predecessor-version":[{"id":1490,"href":"https:\/\/jabier.net\/es\/wp-json\/wp\/v2\/pages\/928\/revisions\/1490"}],"wp:featuredmedia":[{"embeddable":true,"href":"https:\/\/jabier.net\/es\/wp-json\/wp\/v2\/media\/932"}],"wp:attachment":[{"href":"https:\/\/jabier.net\/es\/wp-json\/wp\/v2\/media?parent=928"}],"curies":[{"name":"wp","href":"https:\/\/api.w.org\/{rel}","templated":true}]}}